{"id":432,"date":"2023-09-18T14:52:12","date_gmt":"2023-09-18T12:52:12","guid":{"rendered":"https:\/\/licitactiva.cat\/presupuesto\/"},"modified":"2024-05-17T12:00:55","modified_gmt":"2024-05-17T10:00:55","slug":"presupuesto","status":"publish","type":"page","link":"https:\/\/licitactiva.cat\/es\/presupuesto\/","title":{"rendered":"Presupuesto"},"content":{"rendered":"\t\t<div data-elementor-type=\"wp-page\" data-elementor-id=\"432\" class=\"elementor elementor-432 elementor-114\" data-elementor-post-type=\"page\">\n\t\t\t\t\t\t<section class=\"elementor-section elementor-top-section elementor-element elementor-element-3682e4f9 elementor-section-full_width elementor-section-height-default elementor-section-height-default\" data-id=\"3682e4f9\" data-element_type=\"section\" data-e-type=\"section\" data-settings=\"{&quot;background_background&quot;:&quot;classic&quot;}\">\n\t\t\t\t\t\t<div class=\"elementor-container elementor-column-gap-default\">\n\t\t\t\t\t<div class=\"elementor-column elementor-col-100 elementor-top-column elementor-element elementor-element-6fbd32cd\" data-id=\"6fbd32cd\" data-element_type=\"column\" data-e-type=\"column\">\n\t\t\t<div class=\"elementor-widget-wrap elementor-element-populated\">\n\t\t\t\t\t\t<div class=\"elementor-element elementor-element-670d0a3f elementor-widget elementor-widget-spacer\" data-id=\"670d0a3f\" data-element_type=\"widget\" data-e-type=\"widget\" data-widget_type=\"spacer.default\">\n\t\t\t\t<div class=\"elementor-widget-container\">\n\t\t\t\t\t\t\t<div class=\"elementor-spacer\">\n\t\t\t<div class=\"elementor-spacer-inner\"><\/div>\n\t\t<\/div>\n\t\t\t\t\t\t<\/div>\n\t\t\t\t<\/div>\n\t\t\t\t<div class=\"elementor-element elementor-element-ef683ad elementor-widget elementor-widget-heading\" data-id=\"ef683ad\" data-element_type=\"widget\" data-e-type=\"widget\" data-widget_type=\"heading.default\">\n\t\t\t\t<div class=\"elementor-widget-container\">\n\t\t\t\t\t<h2 class=\"elementor-heading-title elementor-size-default\">PIDE PRESUPUESTO<\/h2>\t\t\t\t<\/div>\n\t\t\t\t<\/div>\n\t\t\t\t<div class=\"elementor-element elementor-element-557176f4 elementor-hidden-mobile elementor-widget elementor-widget-text-editor\" data-id=\"557176f4\" data-element_type=\"widget\" data-e-type=\"widget\" data-widget_type=\"text-editor.default\">\n\t\t\t\t<div class=\"elementor-widget-container\">\n\t\t\t\t\t\t\t\t\t<p>Rellena el siguiente formulario para pedir un presupuesto.<\/p>\n\t\t\t\t\t\t\t\t<\/div>\n\t\t\t\t<\/div>\n\t\t\t\t<div class=\"elementor-element elementor-element-30e3f59f elementor-hidden-desktop elementor-hidden-tablet elementor-widget elementor-widget-text-editor\" data-id=\"30e3f59f\" data-element_type=\"widget\" data-e-type=\"widget\" data-widget_type=\"text-editor.default\">\n\t\t\t\t<div class=\"elementor-widget-container\">\n\t\t\t\t\t\t\t\t\t<p>Rellena el siguiente formulario<br \/>para pedir un presupuesto.<\/p>\n\t\t\t\t\t\t\t\t<\/div>\n\t\t\t\t<\/div>\n\t\t\t\t<section class=\"elementor-section elementor-inner-section elementor-element elementor-element-30a151c2 elementor-section-full_width elementor-section-height-default elementor-section-height-default\" data-id=\"30a151c2\" data-element_type=\"section\" data-e-type=\"section\">\n\t\t\t\t\t\t<div class=\"elementor-container elementor-column-gap-default\">\n\t\t\t\t\t<div class=\"elementor-column elementor-col-33 elementor-inner-column elementor-element elementor-element-5fea9de\" data-id=\"5fea9de\" data-element_type=\"column\" data-e-type=\"column\">\n\t\t\t<div class=\"elementor-widget-wrap\">\n\t\t\t\t\t\t\t<\/div>\n\t\t<\/div>\n\t\t\t\t<div class=\"elementor-column elementor-col-33 elementor-inner-column elementor-element elementor-element-6f43f0e0\" data-id=\"6f43f0e0\" data-element_type=\"column\" data-e-type=\"column\">\n\t\t\t<div class=\"elementor-widget-wrap elementor-element-populated\">\n\t\t\t\t\t\t<div class=\"elementor-element elementor-element-28cacd6f elementor-button-align-stretch elementor-invisible elementor-widget elementor-widget-form\" data-id=\"28cacd6f\" data-element_type=\"widget\" data-e-type=\"widget\" data-settings=\"{&quot;step_next_label&quot;:&quot;Siguiente&quot;,&quot;step_previous_label&quot;:&quot;Anterior&quot;,&quot;_animation&quot;:&quot;fadeIn&quot;,&quot;_animation_delay&quot;:300,&quot;button_width&quot;:&quot;100&quot;,&quot;step_type&quot;:&quot;number_text&quot;,&quot;step_icon_shape&quot;:&quot;circle&quot;}\" data-widget_type=\"form.default\">\n\t\t\t\t<div class=\"elementor-widget-container\">\n\t\t\t\t\t\t\t<form class=\"elementor-form\" method=\"post\" name=\"Formulario\" aria-label=\"Formulario\">\n\t\t\t<input type=\"hidden\" name=\"post_id\" value=\"432\"\/>\n\t\t\t<input type=\"hidden\" name=\"form_id\" value=\"28cacd6f\"\/>\n\t\t\t<input type=\"hidden\" name=\"referer_title\" value=\"PRESUPUESTO LICITACTIVA \u00b7 Pide aqu\u00ed y ahora tu presupuesto\" \/>\n\n\t\t\t\t\t\t\t<input type=\"hidden\" name=\"queried_id\" value=\"432\"\/>\n\t\t\t\n\t\t\t<div class=\"elementor-form-fields-wrapper elementor-labels-\">\n\t\t\t\t\t\t\t\t<div class=\"elementor-field-type-text elementor-field-group elementor-column elementor-field-group-name elementor-col-100 elementor-field-required\">\n\t\t\t\t\t\t\t\t\t\t\t\t<label for=\"form-field-name\" class=\"elementor-field-label elementor-screen-only\">\n\t\t\t\t\t\t\t\tNombre\t\t\t\t\t\t\t<\/label>\n\t\t\t\t\t\t\t\t\t\t\t\t\t\t<input size=\"1\" type=\"text\" name=\"form_fields[name]\" id=\"form-field-name\" class=\"elementor-field elementor-size-sm  elementor-field-textual\" placeholder=\"Nombre\" required=\"required\">\n\t\t\t\t\t\t\t\t\t\t\t<\/div>\n\t\t\t\t\t\t\t\t<div class=\"elementor-field-type-email elementor-field-group elementor-column elementor-field-group-email elementor-col-100 elementor-field-required\">\n\t\t\t\t\t\t\t\t\t\t\t\t<label for=\"form-field-email\" class=\"elementor-field-label elementor-screen-only\">\n\t\t\t\t\t\t\t\tEmail\t\t\t\t\t\t\t<\/label>\n\t\t\t\t\t\t\t\t\t\t\t\t\t\t<input size=\"1\" type=\"email\" name=\"form_fields[email]\" id=\"form-field-email\" class=\"elementor-field elementor-size-sm  elementor-field-textual\" placeholder=\"Email\" required=\"required\">\n\t\t\t\t\t\t\t\t\t\t\t<\/div>\n\t\t\t\t\t\t\t\t<div class=\"elementor-field-type-tel elementor-field-group elementor-column elementor-field-group-field_f222a41 elementor-col-100 elementor-field-required\">\n\t\t\t\t\t\t\t\t\t\t\t\t<label for=\"form-field-field_f222a41\" class=\"elementor-field-label elementor-screen-only\">\n\t\t\t\t\t\t\t\tTel\u00e9fono\t\t\t\t\t\t\t<\/label>\n\t\t\t\t\t\t\t\t<input size=\"1\" type=\"tel\" name=\"form_fields[field_f222a41]\" id=\"form-field-field_f222a41\" class=\"elementor-field elementor-size-sm  elementor-field-textual\" placeholder=\"Tel\u00e9fono\" required=\"required\" pattern=\"[0-9()#&amp;+*-=.]+\" title=\"Solo se aceptan n\u00fameros y caracteres de tel\u00e9fono (#,-,*,etc).\">\n\n\t\t\t\t\t\t<\/div>\n\t\t\t\t\t\t\t\t<div class=\"elementor-field-type-textarea elementor-field-group elementor-column elementor-field-group-message elementor-col-100\">\n\t\t\t\t\t\t\t\t\t\t\t\t<label for=\"form-field-message\" class=\"elementor-field-label elementor-screen-only\">\n\t\t\t\t\t\t\t\tMensaje \t\t\t\t\t\t\t<\/label>\n\t\t\t\t\t\t<textarea class=\"elementor-field-textual elementor-field  elementor-size-sm\" name=\"form_fields[message]\" id=\"form-field-message\" rows=\"4\" placeholder=\"Mensaje \"><\/textarea>\t\t\t\t<\/div>\n\t\t\t\t\t\t\t\t<div class=\"elementor-field-type-acceptance elementor-field-group elementor-column elementor-field-group-field_37121de elementor-col-100 elementor-field-required\">\n\t\t\t\t\t\t\t\t\t\t\t\t<label for=\"form-field-field_37121de\" class=\"elementor-field-label elementor-screen-only\">\n\t\t\t\t\t\t\t\tAcceptaci\u00f3n legal\t\t\t\t\t\t\t<\/label>\n\t\t\t\t\t\t\t\t<div class=\"elementor-field-subgroup\">\n\t\t\t<span class=\"elementor-field-option\">\n\t\t\t\t<input type=\"checkbox\" name=\"form_fields[field_37121de]\" id=\"form-field-field_37121de\" class=\"elementor-field elementor-size-sm  elementor-acceptance-field\" required=\"required\">\n\t\t\t\t<label for=\"form-field-field_37121de\"><p style=\"font-size:16px;\">Acepto las condiciones de tratamiento de mis datos tal y como se indica en la pol\u00edtica de privacidad.<\/p><\/label>\t\t\t<\/span>\n\t\t<\/div>\n\t\t\t\t\t\t<\/div>\n\t\t\t\t\t\t\t\t<div class=\"elementor-field-type-recaptcha_v3 elementor-field-group elementor-column elementor-field-group-field_41177f0 elementor-col-100 recaptcha_v3-bottomright\">\n\t\t\t\t\t<div class=\"elementor-field\" id=\"form-field-field_41177f0\"><div class=\"elementor-g-recaptcha\" data-sitekey=\"6LfRdDQoAAAAABCj1U9_FK6ZB4dMAaJk_WnNqqRz\" data-type=\"v3\" data-action=\"Form\" data-badge=\"bottomright\" data-size=\"invisible\"><\/div><\/div>\t\t\t\t<\/div>\n\t\t\t\t\t\t\t\t<div class=\"elementor-field-group elementor-column elementor-field-type-submit elementor-col-100 e-form__buttons\">\n\t\t\t\t\t<button class=\"elementor-button elementor-size-sm\" type=\"submit\">\n\t\t\t\t\t\t<span class=\"elementor-button-content-wrapper\">\n\t\t\t\t\t\t\t\t\t\t\t\t\t\t\t\t\t\t\t\t\t\t<span class=\"elementor-button-text\">Enviar<\/span>\n\t\t\t\t\t\t\t\t\t\t\t\t\t<\/span>\n\t\t\t\t\t<\/button>\n\t\t\t\t<\/div>\n\t\t\t<\/div>\n\t\t<\/form>\n\t\t\t\t\t\t<\/div>\n\t\t\t\t<\/div>\n\t\t\t\t\t<\/div>\n\t\t<\/div>\n\t\t\t\t<div class=\"elementor-column elementor-col-33 elementor-inner-column elementor-element elementor-element-632cbfa6\" data-id=\"632cbfa6\" data-element_type=\"column\" data-e-type=\"column\">\n\t\t\t<div class=\"elementor-widget-wrap\">\n\t\t\t\t\t\t\t<\/div>\n\t\t<\/div>\n\t\t\t\t\t<\/div>\n\t\t<\/section>\n\t\t\t\t<div class=\"elementor-element elementor-element-438219f5 elementor-widget elementor-widget-spacer\" data-id=\"438219f5\" data-element_type=\"widget\" data-e-type=\"widget\" data-widget_type=\"spacer.default\">\n\t\t\t\t<div class=\"elementor-widget-container\">\n\t\t\t\t\t\t\t<div class=\"elementor-spacer\">\n\t\t\t<div class=\"elementor-spacer-inner\"><\/div>\n\t\t<\/div>\n\t\t\t\t\t\t<\/div>\n\t\t\t\t<\/div>\n\t\t\t\t\t<\/div>\n\t\t<\/div>\n\t\t\t\t\t<\/div>\n\t\t<\/section>\n\t\t\t\t<section class=\"elementor-section elementor-top-section elementor-element elementor-element-5c67e1d elementor-section-boxed elementor-section-height-default elementor-section-height-default\" data-id=\"5c67e1d\" data-element_type=\"section\" data-e-type=\"section\">\n\t\t\t\t\t\t<div class=\"elementor-container elementor-column-gap-default\">\n\t\t\t\t\t<div class=\"elementor-column elementor-col-100 elementor-top-column elementor-element elementor-element-621662ab\" data-id=\"621662ab\" data-element_type=\"column\" data-e-type=\"column\">\n\t\t\t<div class=\"elementor-widget-wrap elementor-element-populated\">\n\t\t\t\t\t\t<div class=\"elementor-element elementor-element-46b785d1 elementor-widget elementor-widget-spacer\" data-id=\"46b785d1\" data-element_type=\"widget\" data-e-type=\"widget\" data-widget_type=\"spacer.default\">\n\t\t\t\t<div class=\"elementor-widget-container\">\n\t\t\t\t\t\t\t<div class=\"elementor-spacer\">\n\t\t\t<div class=\"elementor-spacer-inner\"><\/div>\n\t\t<\/div>\n\t\t\t\t\t\t<\/div>\n\t\t\t\t<\/div>\n\t\t\t\t<section class=\"elementor-section elementor-inner-section elementor-element elementor-element-4013287a elementor-section-boxed elementor-section-height-default elementor-section-height-default\" data-id=\"4013287a\" data-element_type=\"section\" data-e-type=\"section\">\n\t\t\t\t\t\t<div class=\"elementor-container elementor-column-gap-default\">\n\t\t\t\t\t<div class=\"elementor-column elementor-col-33 elementor-inner-column elementor-element elementor-element-4518caa9\" data-id=\"4518caa9\" data-element_type=\"column\" data-e-type=\"column\">\n\t\t\t<div class=\"elementor-widget-wrap\">\n\t\t\t\t\t\t\t<\/div>\n\t\t<\/div>\n\t\t\t\t<div class=\"elementor-column elementor-col-33 elementor-inner-column elementor-element elementor-element-36fe367e\" data-id=\"36fe367e\" data-element_type=\"column\" data-e-type=\"column\">\n\t\t\t<div class=\"elementor-widget-wrap elementor-element-populated\">\n\t\t\t\t\t\t<div class=\"elementor-element elementor-element-67e22552 elementor-widget elementor-widget-image\" data-id=\"67e22552\" data-element_type=\"widget\" data-e-type=\"widget\" data-settings=\"{&quot;motion_fx_motion_fx_scrolling&quot;:&quot;yes&quot;,&quot;motion_fx_translateY_effect&quot;:&quot;yes&quot;,&quot;motion_fx_translateY_direction&quot;:&quot;negative&quot;,&quot;motion_fx_translateY_speed&quot;:{&quot;unit&quot;:&quot;px&quot;,&quot;size&quot;:2,&quot;sizes&quot;:[]},&quot;motion_fx_translateY_affectedRange&quot;:{&quot;unit&quot;:&quot;%&quot;,&quot;size&quot;:&quot;&quot;,&quot;sizes&quot;:{&quot;start&quot;:0,&quot;end&quot;:50}},&quot;motion_fx_devices&quot;:[&quot;desktop&quot;,&quot;tablet&quot;,&quot;mobile&quot;]}\" data-widget_type=\"image.default\">\n\t\t\t\t<div class=\"elementor-widget-container\">\n\t\t\t\t\t\t\t\t\t\t\t\t\t\t\t<img fetchpriority=\"high\" decoding=\"async\" width=\"1334\" height=\"1291\" src=\"https:\/\/licitactiva.cat\/wp-content\/uploads\/2023\/09\/licitactiva6.png\" class=\"attachment-full size-full wp-image-374\" alt=\"\" srcset=\"https:\/\/licitactiva.cat\/wp-content\/uploads\/2023\/09\/licitactiva6.png 1334w, https:\/\/licitactiva.cat\/wp-content\/uploads\/2023\/09\/licitactiva6-300x290.png 300w, https:\/\/licitactiva.cat\/wp-content\/uploads\/2023\/09\/licitactiva6-1024x991.png 1024w, https:\/\/licitactiva.cat\/wp-content\/uploads\/2023\/09\/licitactiva6-768x743.png 768w\" sizes=\"(max-width: 1334px) 100vw, 1334px\" \/>\t\t\t\t\t\t\t\t\t\t\t\t\t\t\t<\/div>\n\t\t\t\t<\/div>\n\t\t\t\t\t<\/div>\n\t\t<\/div>\n\t\t\t\t<div class=\"elementor-column elementor-col-33 elementor-inner-column elementor-element elementor-element-71354a3e\" data-id=\"71354a3e\" data-element_type=\"column\" data-e-type=\"column\">\n\t\t\t<div class=\"elementor-widget-wrap\">\n\t\t\t\t\t\t\t<\/div>\n\t\t<\/div>\n\t\t\t\t\t<\/div>\n\t\t<\/section>\n\t\t\t\t<section class=\"elementor-section elementor-inner-section elementor-element elementor-element-562f2e08 elementor-section-boxed elementor-section-height-default elementor-section-height-default\" data-id=\"562f2e08\" data-element_type=\"section\" data-e-type=\"section\">\n\t\t\t\t\t\t<div class=\"elementor-container elementor-column-gap-default\">\n\t\t\t\t\t<div class=\"elementor-column elementor-col-33 elementor-inner-column elementor-element elementor-element-7c1d2c72 elementor-hidden-mobile\" data-id=\"7c1d2c72\" data-element_type=\"column\" data-e-type=\"column\">\n\t\t\t<div class=\"elementor-widget-wrap\">\n\t\t\t\t\t\t\t<\/div>\n\t\t<\/div>\n\t\t\t\t<div class=\"elementor-column elementor-col-33 elementor-inner-column elementor-element elementor-element-10e04240\" data-id=\"10e04240\" data-element_type=\"column\" data-e-type=\"column\">\n\t\t\t<div class=\"elementor-widget-wrap elementor-element-populated\">\n\t\t\t\t\t\t<div class=\"elementor-element elementor-element-6ccfe2e3 elementor-widget-divider--view-line elementor-widget elementor-widget-divider\" data-id=\"6ccfe2e3\" data-element_type=\"widget\" data-e-type=\"widget\" data-widget_type=\"divider.default\">\n\t\t\t\t<div class=\"elementor-widget-container\">\n\t\t\t\t\t\t\t<div class=\"elementor-divider\">\n\t\t\t<span class=\"elementor-divider-separator\">\n\t\t\t\t\t\t<\/span>\n\t\t<\/div>\n\t\t\t\t\t\t<\/div>\n\t\t\t\t<\/div>\n\t\t\t\t<div class=\"elementor-element elementor-element-4392354e elementor-widget elementor-widget-text-editor\" data-id=\"4392354e\" data-element_type=\"widget\" data-e-type=\"widget\" data-widget_type=\"text-editor.default\">\n\t\t\t\t<div class=\"elementor-widget-container\">\n\t\t\t\t\t\t\t\t\t<p>O bien contacta con nosotros a trav\u00e9s de los canales que encontrar\u00e1s pulsando el siguiente bot\u00f3n:<\/p>\n\t\t\t\t\t\t\t\t<\/div>\n\t\t\t\t<\/div>\n\t\t\t\t<div class=\"elementor-element elementor-element-5ea5aa28 elementor-align-center elementor-mobile-align-justify elementor-invisible elementor-widget elementor-widget-button\" data-id=\"5ea5aa28\" data-element_type=\"widget\" data-e-type=\"widget\" data-settings=\"{&quot;_animation&quot;:&quot;fadeIn&quot;,&quot;_animation_delay&quot;:600}\" data-widget_type=\"button.default\">\n\t\t\t\t<div class=\"elementor-widget-container\">\n\t\t\t\t\t\t\t\t\t<div class=\"elementor-button-wrapper\">\n\t\t\t\t\t<a class=\"elementor-button elementor-button-link elementor-size-sm\" href=\"https:\/\/licitactiva.cat\/es\/contacto\/\">\n\t\t\t\t\t\t<span class=\"elementor-button-content-wrapper\">\n\t\t\t\t\t\t\t\t\t<span class=\"elementor-button-text\">CONTACTO<\/span>\n\t\t\t\t\t<\/span>\n\t\t\t\t\t<\/a>\n\t\t\t\t<\/div>\n\t\t\t\t\t\t\t\t<\/div>\n\t\t\t\t<\/div>\n\t\t\t\t<div class=\"elementor-element elementor-element-4abe30ef elementor-widget-divider--view-line elementor-widget elementor-widget-divider\" data-id=\"4abe30ef\" data-element_type=\"widget\" data-e-type=\"widget\" data-widget_type=\"divider.default\">\n\t\t\t\t<div class=\"elementor-widget-container\">\n\t\t\t\t\t\t\t<div class=\"elementor-divider\">\n\t\t\t<span class=\"elementor-divider-separator\">\n\t\t\t\t\t\t<\/span>\n\t\t<\/div>\n\t\t\t\t\t\t<\/div>\n\t\t\t\t<\/div>\n\t\t\t\t\t<\/div>\n\t\t<\/div>\n\t\t\t\t<div class=\"elementor-column elementor-col-33 elementor-inner-column elementor-element elementor-element-528b7bbf\" data-id=\"528b7bbf\" data-element_type=\"column\" data-e-type=\"column\">\n\t\t\t<div class=\"elementor-widget-wrap\">\n\t\t\t\t\t\t\t<\/div>\n\t\t<\/div>\n\t\t\t\t\t<\/div>\n\t\t<\/section>\n\t\t\t\t<div class=\"elementor-element elementor-element-3dc76bf9 elementor-widget elementor-widget-spacer\" data-id=\"3dc76bf9\" data-element_type=\"widget\" data-e-type=\"widget\" data-widget_type=\"spacer.default\">\n\t\t\t\t<div class=\"elementor-widget-container\">\n\t\t\t\t\t\t\t<div class=\"elementor-spacer\">\n\t\t\t<div class=\"elementor-spacer-inner\"><\/div>\n\t\t<\/div>\n\t\t\t\t\t\t<\/div>\n\t\t\t\t<\/div>\n\t\t\t\t\t<\/div>\n\t\t<\/div>\n\t\t\t\t\t<\/div>\n\t\t<\/section>\n\t\t\t\t<\/div>\n\t\t","protected":false},"excerpt":{"rendered":"<p>PIDE PRESUPUESTO Rellena el siguiente formulario para pedir un presupuesto. Rellena el siguiente formulariopara pedir un presupuesto. O bien contacta con nosotros a trav\u00e9s de los canales que encontrar\u00e1s pulsando el siguiente bot\u00f3n: CONTACTO<\/p>\n","protected":false},"author":1,"featured_media":0,"parent":0,"menu_order":0,"comment_status":"closed","ping_status":"closed","template":"elementor_header_footer","meta":{"footnotes":""},"class_list":["post-432","page","type-page","status-publish","hentry"],"yoast_head":"<!-- This site is optimized with the Yoast SEO plugin v27.3 - https:\/\/yoast.com\/product\/yoast-seo-wordpress\/ -->\n<title>PRESUPUESTO LICITACTIVA \u00b7 Pide aqu\u00ed y ahora tu presupuesto<\/title>\n<meta name=\"description\" content=\"A partir de s\u00f3lo 75 \u20ac \/ mes, pide tu PRESUPUESTO LICITACTIVA para gestionar. y tramitar tu licitaci\u00f3n p\u00fablica, \u00a1ya!\" \/>\n<meta name=\"robots\" content=\"index, follow, max-snippet:-1, max-image-preview:large, max-video-preview:-1\" \/>\n<link rel=\"canonical\" href=\"https:\/\/licitactiva.cat\/es\/presupuesto\/\" \/>\n<meta property=\"og:locale\" content=\"es_ES\" \/>\n<meta property=\"og:type\" content=\"article\" \/>\n<meta property=\"og:title\" content=\"PRESUPUESTO LICITACTIVA \u00b7 Pide aqu\u00ed y ahora tu presupuesto\" \/>\n<meta property=\"og:description\" content=\"A partir de s\u00f3lo 75 \u20ac \/ mes, pide tu PRESUPUESTO LICITACTIVA para gestionar. y tramitar tu licitaci\u00f3n p\u00fablica, \u00a1ya!\" \/>\n<meta property=\"og:url\" content=\"https:\/\/licitactiva.cat\/es\/presupuesto\/\" \/>\n<meta property=\"og:site_name\" content=\"Licitactiva\" \/>\n<meta property=\"article:modified_time\" content=\"2024-05-17T10:00:55+00:00\" \/>\n<meta property=\"og:image\" content=\"https:\/\/licitactiva.cat\/wp-content\/uploads\/2023\/09\/licitactiva6.png\" \/>\n<meta name=\"twitter:card\" content=\"summary_large_image\" \/>\n<script type=\"application\/ld+json\" class=\"yoast-schema-graph\">{\"@context\":\"https:\\\/\\\/schema.org\",\"@graph\":[{\"@type\":\"WebPage\",\"@id\":\"https:\\\/\\\/licitactiva.cat\\\/es\\\/presupuesto\\\/\",\"url\":\"https:\\\/\\\/licitactiva.cat\\\/es\\\/presupuesto\\\/\",\"name\":\"PRESUPUESTO LICITACTIVA \u00b7 Pide aqu\u00ed y ahora tu presupuesto\",\"isPartOf\":{\"@id\":\"https:\\\/\\\/licitactiva.cat\\\/es\\\/#website\"},\"primaryImageOfPage\":{\"@id\":\"https:\\\/\\\/licitactiva.cat\\\/es\\\/presupuesto\\\/#primaryimage\"},\"image\":{\"@id\":\"https:\\\/\\\/licitactiva.cat\\\/es\\\/presupuesto\\\/#primaryimage\"},\"thumbnailUrl\":\"https:\\\/\\\/licitactiva.cat\\\/wp-content\\\/uploads\\\/2023\\\/09\\\/licitactiva6.png\",\"datePublished\":\"2023-09-18T12:52:12+00:00\",\"dateModified\":\"2024-05-17T10:00:55+00:00\",\"description\":\"A partir de s\u00f3lo 75 \u20ac \\\/ mes, pide tu PRESUPUESTO LICITACTIVA para gestionar. y tramitar tu licitaci\u00f3n p\u00fablica, \u00a1ya!\",\"breadcrumb\":{\"@id\":\"https:\\\/\\\/licitactiva.cat\\\/es\\\/presupuesto\\\/#breadcrumb\"},\"inLanguage\":\"es\",\"potentialAction\":[{\"@type\":\"ReadAction\",\"target\":[\"https:\\\/\\\/licitactiva.cat\\\/es\\\/presupuesto\\\/\"]}]},{\"@type\":\"ImageObject\",\"inLanguage\":\"es\",\"@id\":\"https:\\\/\\\/licitactiva.cat\\\/es\\\/presupuesto\\\/#primaryimage\",\"url\":\"https:\\\/\\\/licitactiva.cat\\\/wp-content\\\/uploads\\\/2023\\\/09\\\/licitactiva6.png\",\"contentUrl\":\"https:\\\/\\\/licitactiva.cat\\\/wp-content\\\/uploads\\\/2023\\\/09\\\/licitactiva6.png\"},{\"@type\":\"BreadcrumbList\",\"@id\":\"https:\\\/\\\/licitactiva.cat\\\/es\\\/presupuesto\\\/#breadcrumb\",\"itemListElement\":[{\"@type\":\"ListItem\",\"position\":1,\"name\":\"Inici\",\"item\":\"https:\\\/\\\/licitactiva.cat\\\/es\\\/\"},{\"@type\":\"ListItem\",\"position\":2,\"name\":\"Presupuesto\"}]},{\"@type\":\"WebSite\",\"@id\":\"https:\\\/\\\/licitactiva.cat\\\/es\\\/#website\",\"url\":\"https:\\\/\\\/licitactiva.cat\\\/es\\\/\",\"name\":\"Licitactiva\",\"description\":\"\",\"publisher\":{\"@id\":\"https:\\\/\\\/licitactiva.cat\\\/es\\\/#organization\"},\"potentialAction\":[{\"@type\":\"SearchAction\",\"target\":{\"@type\":\"EntryPoint\",\"urlTemplate\":\"https:\\\/\\\/licitactiva.cat\\\/es\\\/?s={search_term_string}\"},\"query-input\":{\"@type\":\"PropertyValueSpecification\",\"valueRequired\":true,\"valueName\":\"search_term_string\"}}],\"inLanguage\":\"es\"},{\"@type\":\"Organization\",\"@id\":\"https:\\\/\\\/licitactiva.cat\\\/es\\\/#organization\",\"name\":\"Licitactiva\",\"url\":\"https:\\\/\\\/licitactiva.cat\\\/es\\\/\",\"logo\":{\"@type\":\"ImageObject\",\"inLanguage\":\"es\",\"@id\":\"https:\\\/\\\/licitactiva.cat\\\/es\\\/#\\\/schema\\\/logo\\\/image\\\/\",\"url\":\"https:\\\/\\\/licitactiva.cat\\\/wp-content\\\/uploads\\\/2023\\\/09\\\/licitactiva9.png\",\"contentUrl\":\"https:\\\/\\\/licitactiva.cat\\\/wp-content\\\/uploads\\\/2023\\\/09\\\/licitactiva9.png\",\"width\":777,\"height\":120,\"caption\":\"Licitactiva\"},\"image\":{\"@id\":\"https:\\\/\\\/licitactiva.cat\\\/es\\\/#\\\/schema\\\/logo\\\/image\\\/\"}}]}<\/script>\n<!-- \/ Yoast SEO plugin. -->","yoast_head_json":{"title":"PRESUPUESTO LICITACTIVA \u00b7 Pide aqu\u00ed y ahora tu presupuesto","description":"A partir de s\u00f3lo 75 \u20ac \/ mes, pide tu PRESUPUESTO LICITACTIVA para gestionar. y tramitar tu licitaci\u00f3n p\u00fablica, \u00a1ya!","robots":{"index":"index","follow":"follow","max-snippet":"max-snippet:-1","max-image-preview":"max-image-preview:large","max-video-preview":"max-video-preview:-1"},"canonical":"https:\/\/licitactiva.cat\/es\/presupuesto\/","og_locale":"es_ES","og_type":"article","og_title":"PRESUPUESTO LICITACTIVA \u00b7 Pide aqu\u00ed y ahora tu presupuesto","og_description":"A partir de s\u00f3lo 75 \u20ac \/ mes, pide tu PRESUPUESTO LICITACTIVA para gestionar. y tramitar tu licitaci\u00f3n p\u00fablica, \u00a1ya!","og_url":"https:\/\/licitactiva.cat\/es\/presupuesto\/","og_site_name":"Licitactiva","article_modified_time":"2024-05-17T10:00:55+00:00","og_image":[{"url":"https:\/\/licitactiva.cat\/wp-content\/uploads\/2023\/09\/licitactiva6.png","type":"","width":"","height":""}],"twitter_card":"summary_large_image","schema":{"@context":"https:\/\/schema.org","@graph":[{"@type":"WebPage","@id":"https:\/\/licitactiva.cat\/es\/presupuesto\/","url":"https:\/\/licitactiva.cat\/es\/presupuesto\/","name":"PRESUPUESTO LICITACTIVA \u00b7 Pide aqu\u00ed y ahora tu presupuesto","isPartOf":{"@id":"https:\/\/licitactiva.cat\/es\/#website"},"primaryImageOfPage":{"@id":"https:\/\/licitactiva.cat\/es\/presupuesto\/#primaryimage"},"image":{"@id":"https:\/\/licitactiva.cat\/es\/presupuesto\/#primaryimage"},"thumbnailUrl":"https:\/\/licitactiva.cat\/wp-content\/uploads\/2023\/09\/licitactiva6.png","datePublished":"2023-09-18T12:52:12+00:00","dateModified":"2024-05-17T10:00:55+00:00","description":"A partir de s\u00f3lo 75 \u20ac \/ mes, pide tu PRESUPUESTO LICITACTIVA para gestionar. y tramitar tu licitaci\u00f3n p\u00fablica, \u00a1ya!","breadcrumb":{"@id":"https:\/\/licitactiva.cat\/es\/presupuesto\/#breadcrumb"},"inLanguage":"es","potentialAction":[{"@type":"ReadAction","target":["https:\/\/licitactiva.cat\/es\/presupuesto\/"]}]},{"@type":"ImageObject","inLanguage":"es","@id":"https:\/\/licitactiva.cat\/es\/presupuesto\/#primaryimage","url":"https:\/\/licitactiva.cat\/wp-content\/uploads\/2023\/09\/licitactiva6.png","contentUrl":"https:\/\/licitactiva.cat\/wp-content\/uploads\/2023\/09\/licitactiva6.png"},{"@type":"BreadcrumbList","@id":"https:\/\/licitactiva.cat\/es\/presupuesto\/#breadcrumb","itemListElement":[{"@type":"ListItem","position":1,"name":"Inici","item":"https:\/\/licitactiva.cat\/es\/"},{"@type":"ListItem","position":2,"name":"Presupuesto"}]},{"@type":"WebSite","@id":"https:\/\/licitactiva.cat\/es\/#website","url":"https:\/\/licitactiva.cat\/es\/","name":"Licitactiva","description":"","publisher":{"@id":"https:\/\/licitactiva.cat\/es\/#organization"},"potentialAction":[{"@type":"SearchAction","target":{"@type":"EntryPoint","urlTemplate":"https:\/\/licitactiva.cat\/es\/?s={search_term_string}"},"query-input":{"@type":"PropertyValueSpecification","valueRequired":true,"valueName":"search_term_string"}}],"inLanguage":"es"},{"@type":"Organization","@id":"https:\/\/licitactiva.cat\/es\/#organization","name":"Licitactiva","url":"https:\/\/licitactiva.cat\/es\/","logo":{"@type":"ImageObject","inLanguage":"es","@id":"https:\/\/licitactiva.cat\/es\/#\/schema\/logo\/image\/","url":"https:\/\/licitactiva.cat\/wp-content\/uploads\/2023\/09\/licitactiva9.png","contentUrl":"https:\/\/licitactiva.cat\/wp-content\/uploads\/2023\/09\/licitactiva9.png","width":777,"height":120,"caption":"Licitactiva"},"image":{"@id":"https:\/\/licitactiva.cat\/es\/#\/schema\/logo\/image\/"}}]}},"_links":{"self":[{"href":"https:\/\/licitactiva.cat\/es\/wp-json\/wp\/v2\/pages\/432","targetHints":{"allow":["GET"]}}],"collection":[{"href":"https:\/\/licitactiva.cat\/es\/wp-json\/wp\/v2\/pages"}],"about":[{"href":"https:\/\/licitactiva.cat\/es\/wp-json\/wp\/v2\/types\/page"}],"author":[{"embeddable":true,"href":"https:\/\/licitactiva.cat\/es\/wp-json\/wp\/v2\/users\/1"}],"replies":[{"embeddable":true,"href":"https:\/\/licitactiva.cat\/es\/wp-json\/wp\/v2\/comments?post=432"}],"version-history":[{"count":0,"href":"https:\/\/licitactiva.cat\/es\/wp-json\/wp\/v2\/pages\/432\/revisions"}],"wp:attachment":[{"href":"https:\/\/licitactiva.cat\/es\/wp-json\/wp\/v2\/media?parent=432"}],"curies":[{"name":"wp","href":"https:\/\/api.w.org\/{rel}","templated":true}]}}